{"id":5019,"date":"2025-12-23T17:33:38","date_gmt":"2025-12-23T17:33:38","guid":{"rendered":"https:\/\/banuaydogan.com\/?post_type=product&#038;p=5019"},"modified":"2025-12-24T15:53:19","modified_gmt":"2025-12-24T15:53:19","slug":"1024-tuyb","status":"publish","type":"product","link":"https:\/\/banuaydogan.com\/tr\/urun\/1024-tuyb\/","title":{"rendered":"10:24 &#8211; T\u00fcyb"},"content":{"rendered":"<p>Eser Ad\u0131: 10:24- t\u00fcyb<\/p>\n<p>Seri: Portal<\/p>\n<p>Teknik: Tuval \u00dczerine Kar\u0131\u015f\u0131k<\/p>\n<p>Boyut: 100x85 cm<\/p>\n<p>Y\u0131l: 2023<\/p>\n<p>Bu eser, orijinallik (\u00f6zg\u00fcnl\u00fck) sertifikas\u0131 ile birlikte sunulmaktad\u0131r.<\/p>","protected":false},"excerpt":{"rendered":"<p>Artwork Name:10:24- t\u00fcyb Series: Portal Technique:Mixed Media on Canvas Size: 100&#215;85 cm Year: 2023 This work includes a certificate of authenticity.<\/p>","protected":false},"featured_media":5020,"comment_status":"closed","ping_status":"closed","template":"","meta":[],"product_brand":[],"product_cat":[121],"product_tag":[],"class_list":{"0":"post-5019","1":"product","2":"type-product","3":"status-publish","4":"has-post-thumbnail","6":"product_cat-portal","8":"first","9":"instock","10":"taxable","11":"shipping-taxable","12":"purchasable","13":"product-type-simple"},"aioseo_notices":[],"_links":{"self":[{"href":"https:\/\/banuaydogan.com\/tr\/wp-json\/wp\/v2\/product\/5019","targetHints":{"allow":["GET"]}}],"collection":[{"href":"https:\/\/banuaydogan.com\/tr\/wp-json\/wp\/v2\/product"}],"about":[{"href":"https:\/\/banuaydogan.com\/tr\/wp-json\/wp\/v2\/types\/product"}],"replies":[{"embeddable":true,"href":"https:\/\/banuaydogan.com\/tr\/wp-json\/wp\/v2\/comments?post=5019"}],"version-history":[{"count":4,"href":"https:\/\/banuaydogan.com\/tr\/wp-json\/wp\/v2\/product\/5019\/revisions"}],"predecessor-version":[{"id":5119,"href":"https:\/\/banuaydogan.com\/tr\/wp-json\/wp\/v2\/product\/5019\/revisions\/5119"}],"wp:featuredmedia":[{"embeddable":true,"href":"https:\/\/banuaydogan.com\/tr\/wp-json\/wp\/v2\/media\/5020"}],"wp:attachment":[{"href":"https:\/\/banuaydogan.com\/tr\/wp-json\/wp\/v2\/media?parent=5019"}],"wp:term":[{"taxonomy":"product_brand","embeddable":true,"href":"https:\/\/banuaydogan.com\/tr\/wp-json\/wp\/v2\/product_brand?post=5019"},{"taxonomy":"product_cat","embeddable":true,"href":"https:\/\/banuaydogan.com\/tr\/wp-json\/wp\/v2\/product_cat?post=5019"},{"taxonomy":"product_tag","embeddable":true,"href":"https:\/\/banuaydogan.com\/tr\/wp-json\/wp\/v2\/product_tag?post=5019"}],"curies":[{"name":"wp","href":"https:\/\/api.w.org\/{rel}","templated":true}]}}