{"id":5016,"date":"2025-12-23T17:33:05","date_gmt":"2025-12-23T17:33:05","guid":{"rendered":"https:\/\/banuaydogan.com\/?post_type=product&#038;p=5016"},"modified":"2025-12-24T15:53:15","modified_gmt":"2025-12-24T15:53:15","slug":"0939-2024-tuayb","status":"publish","type":"product","link":"https:\/\/banuaydogan.com\/tr\/urun\/0939-2024-tuayb\/","title":{"rendered":"09:39 &#8211; 2024 T\u00fcayb"},"content":{"rendered":"<p>Eser Ad\u0131: 09:39- 2024 \u2013 t\u00fcayb<\/p>\n<p>Seri: TuruncuBenim<\/p>\n<p>Teknik: Tuval \u00dczerine Kar\u0131\u015f\u0131k<\/p>\n<p>Boyut: 120\u00d7100 cm<\/p>\n<p>Y\u0131l: 2024<\/p>\n<p>Bu eser, orijinallik (\u00f6zg\u00fcnl\u00fck) sertifikas\u0131 ile birlikte sunulmaktad\u0131r.<\/p>","protected":false},"excerpt":{"rendered":"<p>Artwork Name:09:39- 2024 &#8211; t\u00fcayb Series: TuruncuBenim Technique:Mixed Media on Canvas Size: 120&#215;100 cm Year: 2024 This work includes a certificate of authenticity.<\/p>","protected":false},"featured_media":5017,"comment_status":"closed","ping_status":"closed","template":"","meta":[],"product_brand":[],"product_cat":[122],"product_tag":[],"class_list":{"0":"post-5016","1":"product","2":"type-product","3":"status-publish","4":"has-post-thumbnail","6":"product_cat-turuncu-benim","8":"first","9":"instock","10":"sold-individually","11":"taxable","12":"shipping-taxable","13":"purchasable","14":"product-type-simple"},"aioseo_notices":[],"_links":{"self":[{"href":"https:\/\/banuaydogan.com\/tr\/wp-json\/wp\/v2\/product\/5016","targetHints":{"allow":["GET"]}}],"collection":[{"href":"https:\/\/banuaydogan.com\/tr\/wp-json\/wp\/v2\/product"}],"about":[{"href":"https:\/\/banuaydogan.com\/tr\/wp-json\/wp\/v2\/types\/product"}],"replies":[{"embeddable":true,"href":"https:\/\/banuaydogan.com\/tr\/wp-json\/wp\/v2\/comments?post=5016"}],"version-history":[{"count":5,"href":"https:\/\/banuaydogan.com\/tr\/wp-json\/wp\/v2\/product\/5016\/revisions"}],"predecessor-version":[{"id":5120,"href":"https:\/\/banuaydogan.com\/tr\/wp-json\/wp\/v2\/product\/5016\/revisions\/5120"}],"wp:featuredmedia":[{"embeddable":true,"href":"https:\/\/banuaydogan.com\/tr\/wp-json\/wp\/v2\/media\/5017"}],"wp:attachment":[{"href":"https:\/\/banuaydogan.com\/tr\/wp-json\/wp\/v2\/media?parent=5016"}],"wp:term":[{"taxonomy":"product_brand","embeddable":true,"href":"https:\/\/banuaydogan.com\/tr\/wp-json\/wp\/v2\/product_brand?post=5016"},{"taxonomy":"product_cat","embeddable":true,"href":"https:\/\/banuaydogan.com\/tr\/wp-json\/wp\/v2\/product_cat?post=5016"},{"taxonomy":"product_tag","embeddable":true,"href":"https:\/\/banuaydogan.com\/tr\/wp-json\/wp\/v2\/product_tag?post=5016"}],"curies":[{"name":"wp","href":"https:\/\/api.w.org\/{rel}","templated":true}]}}