{"id":5013,"date":"2025-03-23T17:32:18","date_gmt":"2025-03-23T17:32:18","guid":{"rendered":"https:\/\/banuaydogan.com\/?post_type=product&#038;p=5013"},"modified":"2025-12-24T15:53:09","modified_gmt":"2025-12-24T15:53:09","slug":"0203","status":"publish","type":"product","link":"https:\/\/banuaydogan.com\/tr\/urun\/0203\/","title":{"rendered":"02:03"},"content":{"rendered":"<p>Eser Ad\u0131: 02:03<\/p>\n<p>Seri: Monolit<\/p>\n<p>Teknik: Tuval \u00dczerine Kar\u0131\u015f\u0131k<\/p>\n<p>Boyut: 60x82cm<\/p>\n<p>Y\u0131l:2021<\/p>\n<p>Bu eser, orijinallik (\u00f6zg\u00fcnl\u00fck) sertifikas\u0131 ile birlikte sunulmaktad\u0131r.<\/p>","protected":false},"excerpt":{"rendered":"<p>Artwork Name:02:03 Series: Monolit Technique:Mixed Media on Canvas Size: 60&#215;82 cm Year: 2021 This work includes a certificate of authenticity.<\/p>","protected":false},"featured_media":5014,"comment_status":"closed","ping_status":"closed","template":"","meta":[],"product_brand":[],"product_cat":[120],"product_tag":[],"class_list":{"0":"post-5013","1":"product","2":"type-product","3":"status-publish","4":"has-post-thumbnail","6":"product_cat-monolit","8":"first","9":"instock","10":"sold-individually","11":"taxable","12":"shipping-taxable","13":"purchasable","14":"product-type-simple"},"aioseo_notices":[],"_links":{"self":[{"href":"https:\/\/banuaydogan.com\/tr\/wp-json\/wp\/v2\/product\/5013","targetHints":{"allow":["GET"]}}],"collection":[{"href":"https:\/\/banuaydogan.com\/tr\/wp-json\/wp\/v2\/product"}],"about":[{"href":"https:\/\/banuaydogan.com\/tr\/wp-json\/wp\/v2\/types\/product"}],"replies":[{"embeddable":true,"href":"https:\/\/banuaydogan.com\/tr\/wp-json\/wp\/v2\/comments?post=5013"}],"version-history":[{"count":4,"href":"https:\/\/banuaydogan.com\/tr\/wp-json\/wp\/v2\/product\/5013\/revisions"}],"predecessor-version":[{"id":5123,"href":"https:\/\/banuaydogan.com\/tr\/wp-json\/wp\/v2\/product\/5013\/revisions\/5123"}],"wp:featuredmedia":[{"embeddable":true,"href":"https:\/\/banuaydogan.com\/tr\/wp-json\/wp\/v2\/media\/5014"}],"wp:attachment":[{"href":"https:\/\/banuaydogan.com\/tr\/wp-json\/wp\/v2\/media?parent=5013"}],"wp:term":[{"taxonomy":"product_brand","embeddable":true,"href":"https:\/\/banuaydogan.com\/tr\/wp-json\/wp\/v2\/product_brand?post=5013"},{"taxonomy":"product_cat","embeddable":true,"href":"https:\/\/banuaydogan.com\/tr\/wp-json\/wp\/v2\/product_cat?post=5013"},{"taxonomy":"product_tag","embeddable":true,"href":"https:\/\/banuaydogan.com\/tr\/wp-json\/wp\/v2\/product_tag?post=5013"}],"curies":[{"name":"wp","href":"https:\/\/api.w.org\/{rel}","templated":true}]}}