{"id":5010,"date":"2025-12-23T17:31:40","date_gmt":"2025-12-23T17:31:40","guid":{"rendered":"https:\/\/banuaydogan.com\/?post_type=product&#038;p=5010"},"modified":"2025-12-24T15:53:13","modified_gmt":"2025-12-24T15:53:13","slug":"2312-2024","status":"publish","type":"product","link":"https:\/\/banuaydogan.com\/tr\/urun\/2312-2024\/","title":{"rendered":"23:12- 2024"},"content":{"rendered":"<p>Eser Ad\u0131:  23:12- 2024<\/p>\n<p>Seri: Portal<\/p>\n<p>Teknik: Tuval \u00dczerine Kar\u0131\u015f\u0131k<\/p>\n<p>Boyut: 130x90 cm<\/p>\n<p>Y\u0131l: 2024<\/p>\n<p>Bu eser, orijinallik (\u00f6zg\u00fcnl\u00fck) sertifikas\u0131 ile birlikte sunulmaktad\u0131r.<\/p>","protected":false},"excerpt":{"rendered":"<p>Artwork Name: 23:12- 2024 Series: Portal Technique:Mixed Media on Canvas Size: 130&#215;90 cm Year: 2024 This work includes a certificate of authenticity.<\/p>","protected":false},"featured_media":5011,"comment_status":"closed","ping_status":"closed","template":"","meta":[],"product_brand":[],"product_cat":[121],"product_tag":[],"class_list":{"0":"post-5010","1":"product","2":"type-product","3":"status-publish","4":"has-post-thumbnail","6":"product_cat-portal","8":"first","9":"instock","10":"sold-individually","11":"taxable","12":"shipping-taxable","13":"purchasable","14":"product-type-simple"},"aioseo_notices":[],"_links":{"self":[{"href":"https:\/\/banuaydogan.com\/tr\/wp-json\/wp\/v2\/product\/5010","targetHints":{"allow":["GET"]}}],"collection":[{"href":"https:\/\/banuaydogan.com\/tr\/wp-json\/wp\/v2\/product"}],"about":[{"href":"https:\/\/banuaydogan.com\/tr\/wp-json\/wp\/v2\/types\/product"}],"replies":[{"embeddable":true,"href":"https:\/\/banuaydogan.com\/tr\/wp-json\/wp\/v2\/comments?post=5010"}],"version-history":[{"count":4,"href":"https:\/\/banuaydogan.com\/tr\/wp-json\/wp\/v2\/product\/5010\/revisions"}],"predecessor-version":[{"id":5121,"href":"https:\/\/banuaydogan.com\/tr\/wp-json\/wp\/v2\/product\/5010\/revisions\/5121"}],"wp:featuredmedia":[{"embeddable":true,"href":"https:\/\/banuaydogan.com\/tr\/wp-json\/wp\/v2\/media\/5011"}],"wp:attachment":[{"href":"https:\/\/banuaydogan.com\/tr\/wp-json\/wp\/v2\/media?parent=5010"}],"wp:term":[{"taxonomy":"product_brand","embeddable":true,"href":"https:\/\/banuaydogan.com\/tr\/wp-json\/wp\/v2\/product_brand?post=5010"},{"taxonomy":"product_cat","embeddable":true,"href":"https:\/\/banuaydogan.com\/tr\/wp-json\/wp\/v2\/product_cat?post=5010"},{"taxonomy":"product_tag","embeddable":true,"href":"https:\/\/banuaydogan.com\/tr\/wp-json\/wp\/v2\/product_tag?post=5010"}],"curies":[{"name":"wp","href":"https:\/\/api.w.org\/{rel}","templated":true}]}}