{"id":4905,"date":"2025-12-22T15:41:30","date_gmt":"2025-12-22T15:41:30","guid":{"rendered":"https:\/\/banuaydogan.com\/?post_type=product&#038;p=4905"},"modified":"2025-12-24T15:53:11","modified_gmt":"2025-12-24T15:53:11","slug":"0552-2025","status":"publish","type":"product","link":"https:\/\/banuaydogan.com\/tr\/urun\/0552-2025\/","title":{"rendered":"05:52 &#8211; 2025"},"content":{"rendered":"<p>Eser Ad\u0131: 05:52 \u2013 2025<\/p>\n<p>Seri: Portal<\/p>\n<p>Teknik: Tuval \u00dczerine Kar\u0131\u015f\u0131k<\/p>\n<p>Boyut: 100x120cm<\/p>\n<p>Y\u0131l: 2025<\/p>\n<p>Bu eser, orijinallik (\u00f6zg\u00fcnl\u00fck) sertifikas\u0131 ile birlikte sunulmaktad\u0131r.<\/p>","protected":false},"excerpt":{"rendered":"<p>Artwork Name: 05:52 &#8211; 2025 Series: Portal Technique:Mixed Media on Canvas Size: 100&#215;120 cm Year: 2025 This work includes a certificate of authenticity.<\/p>","protected":false},"featured_media":4906,"comment_status":"closed","ping_status":"closed","template":"","meta":[],"product_brand":[],"product_cat":[121],"product_tag":[],"class_list":{"0":"post-4905","1":"product","2":"type-product","3":"status-publish","4":"has-post-thumbnail","6":"product_cat-portal","8":"first","9":"instock","10":"sold-individually","11":"taxable","12":"shipping-taxable","13":"purchasable","14":"product-type-simple"},"aioseo_notices":[],"_links":{"self":[{"href":"https:\/\/banuaydogan.com\/tr\/wp-json\/wp\/v2\/product\/4905","targetHints":{"allow":["GET"]}}],"collection":[{"href":"https:\/\/banuaydogan.com\/tr\/wp-json\/wp\/v2\/product"}],"about":[{"href":"https:\/\/banuaydogan.com\/tr\/wp-json\/wp\/v2\/types\/product"}],"replies":[{"embeddable":true,"href":"https:\/\/banuaydogan.com\/tr\/wp-json\/wp\/v2\/comments?post=4905"}],"version-history":[{"count":3,"href":"https:\/\/banuaydogan.com\/tr\/wp-json\/wp\/v2\/product\/4905\/revisions"}],"predecessor-version":[{"id":5122,"href":"https:\/\/banuaydogan.com\/tr\/wp-json\/wp\/v2\/product\/4905\/revisions\/5122"}],"wp:featuredmedia":[{"embeddable":true,"href":"https:\/\/banuaydogan.com\/tr\/wp-json\/wp\/v2\/media\/4906"}],"wp:attachment":[{"href":"https:\/\/banuaydogan.com\/tr\/wp-json\/wp\/v2\/media?parent=4905"}],"wp:term":[{"taxonomy":"product_brand","embeddable":true,"href":"https:\/\/banuaydogan.com\/tr\/wp-json\/wp\/v2\/product_brand?post=4905"},{"taxonomy":"product_cat","embeddable":true,"href":"https:\/\/banuaydogan.com\/tr\/wp-json\/wp\/v2\/product_cat?post=4905"},{"taxonomy":"product_tag","embeddable":true,"href":"https:\/\/banuaydogan.com\/tr\/wp-json\/wp\/v2\/product_tag?post=4905"}],"curies":[{"name":"wp","href":"https:\/\/api.w.org\/{rel}","templated":true}]}}