{"id":858,"date":"2021-12-22T17:23:07","date_gmt":"2021-12-22T17:23:07","guid":{"rendered":"https:\/\/ginevra.qodeinteractive.com\/?page_id=858"},"modified":"2025-12-24T16:47:51","modified_gmt":"2025-12-24T16:47:51","slug":"about-me","status":"publish","type":"page","link":"https:\/\/banuaydogan.com\/tr\/about-me\/","title":{"rendered":"Hakk\u0131mda"},"content":{"rendered":"<div data-elementor-type=\"wp-page\" data-elementor-id=\"858\" class=\"elementor elementor-858\">\n\t\t\t\t\t\t<section class=\"elementor-section elementor-top-section elementor-element elementor-element-73cd770 elementor-section-full_width elementor-section-height-default elementor-section-height-default qodef-elementor-content-no\" data-id=\"73cd770\" data-element_type=\"section\">\n\t\t\t\t\t\t<div class=\"elementor-container elementor-column-gap-default\">\n\t\t\t\t\t<div class=\"elementor-column elementor-col-100 elementor-top-column elementor-element elementor-element-ceaafb8\" data-id=\"ceaafb8\" data-element_type=\"column\">\n\t\t\t<div class=\"elementor-widget-wrap elementor-element-populated\">\n\t\t\t\t\t\t<div class=\"elementor-element elementor-element-1235e54 elementor-widget-mobile__width-inherit elementor-widget elementor-widget-ginevra_core_custom_font\" data-id=\"1235e54\" data-element_type=\"widget\" data-widget_type=\"ginevra_core_custom_font.default\">\n\t\t\t\t<div class=\"elementor-widget-container\">\n\t\t\t\t\t<p class=\"qodef-shortcode qodef-m qodef-custom-font qodef-custom-font-776 qodef-layout--simple qodef-title-break--disabled\" style=\"color: #060000;font-family: Syne;font-size: 80px;line-height: 90px;font-weight: 600;text-transform: uppercase\" >Merhaba ben Banu, Resim alan\u0131nda<br \/> \u00fcretim yapan bir <span class=\"qodef-m-title--underlined\">sanat\u00e7\u0131y\u0131m.<\/span><\/p>\n\t\t\t\t<\/div>\n\t\t\t\t<\/div>\n\t\t\t\t\t<\/div>\n\t\t<\/div>\n\t\t\t\t\t<\/div>\n\t\t<\/section>\n\t\t\t\t<section class=\"elementor-section elementor-top-section elementor-element elementor-element-489415c elementor-section-full_width elementor-section-height-default elementor-section-height-default qodef-elementor-content-no\" data-id=\"489415c\" data-element_type=\"section\">\n\t\t\t\t\t\t<div class=\"elementor-container elementor-column-gap-default\">\n\t\t\t\t\t<div class=\"elementor-column elementor-col-100 elementor-top-column elementor-element elementor-element-2d0fbe6\" data-id=\"2d0fbe6\" data-element_type=\"column\">\n\t\t\t<div class=\"elementor-widget-wrap elementor-element-populated\">\n\t\t\t\t\t\t<div class=\"elementor-element elementor-element-6481940 elementor-widget elementor-widget-image\" data-id=\"6481940\" data-element_type=\"widget\" data-widget_type=\"image.default\">\n\t\t\t\t\t\t\t\t\t\t\t\t\t\t\t<img fetchpriority=\"high\" decoding=\"async\" width=\"768\" height=\"512\" src=\"https:\/\/banuaydogan.com\/wp-content\/uploads\/2025\/12\/Banu-Aydogan-768x512.png\" class=\"attachment-medium_large size-medium_large wp-image-4918\" alt=\"\" srcset=\"https:\/\/banuaydogan.com\/wp-content\/uploads\/2025\/12\/Banu-Aydogan-768x512.png 768w, https:\/\/banuaydogan.com\/wp-content\/uploads\/2025\/12\/Banu-Aydogan-300x200.png 300w, https:\/\/banuaydogan.com\/wp-content\/uploads\/2025\/12\/Banu-Aydogan-1024x683.png 1024w, https:\/\/banuaydogan.com\/wp-content\/uploads\/2025\/12\/Banu-Aydogan-600x400.png 600w, https:\/\/banuaydogan.com\/wp-content\/uploads\/2025\/12\/Banu-Aydogan.png 1536w\" sizes=\"(max-width: 768px) 100vw, 768px\" \/>\t\t\t\t\t\t\t\t\t\t\t\t\t\t\t<\/div>\n\t\t\t\t\t<\/div>\n\t\t<\/div>\n\t\t\t\t\t<\/div>\n\t\t<\/section>\n\t\t\t\t<section class=\"elementor-section elementor-top-section elementor-element elementor-element-4dd115f elementor-section-full_width elementor-section-height-default elementor-section-height-default qodef-elementor-content-no\" data-id=\"4dd115f\" data-element_type=\"section\">\n\t\t\t\t\t\t<div class=\"elementor-container elementor-column-gap-default\">\n\t\t\t\t\t<div class=\"elementor-column elementor-col-33 elementor-top-column elementor-element elementor-element-56f6560\" data-id=\"56f6560\" data-element_type=\"column\">\n\t\t\t<div class=\"elementor-widget-wrap elementor-element-populated\">\n\t\t\t\t\t\t<div class=\"elementor-element elementor-element-8cc1e79 elementor-widget__width-initial elementor-widget-mobile__width-inherit elementor-widget elementor-widget-ginevra_core_section_title\" data-id=\"8cc1e79\" data-element_type=\"widget\" data-widget_type=\"ginevra_core_section_title.default\">\n\t\t\t\t<div class=\"elementor-widget-container\">\n\t\t\t\t\t<div class=\"qodef-shortcode qodef-m qodef-section-title qodef-alignment--left\">\n        <div class=\"qodef-m-subtitle\" style=\"margin-bottom: 11px\">\r\n    \/01    <\/div>\r\n\t\t<h2 class=\"qodef-m-title\" >\n\t\t\t\t\tHakk\u0131mda\t\t\t<\/h2>\n\t\t<p class=\"qodef-m-text\" style=\"margin-top: 36px\">18 \u015eubat 1989\u2019da Ankara\u2019da do\u011fdum. \u0130lk ve orta \u00f6\u011frenimimi tamamlad\u0131ktan sonra, 2010 y\u0131l\u0131nda Hacettepe \u00dcniversitesi G\u00fczel Sanatlar Fak\u00fcltesi Resim B\u00f6l\u00fcm\u00fc\u2019ne kabul edildim. 2014 y\u0131l\u0131nda \u015feref \u00f6\u011frencisi olarak mezun oldum.\n\n2016 y\u0131l\u0131nda Hacettepe \u00dcniversitesi G\u00fczel Sanatlar Enstit\u00fcs\u00fc Resim B\u00f6l\u00fcm\u00fc\u2019nde lisans\u00fcst\u00fc e\u011fitimime ba\u015flad\u0131m ve 2019 y\u0131l\u0131nda program\u0131 tamamlad\u0131m. E\u011fitim s\u00fcrecim boyunca ve sonras\u0131nda bir\u00e7ok karma sergiye, sanat fuar\u0131na ve \u00e7al\u0131\u015ftaya kat\u0131larak eserlerimi farkl\u0131 platformlarda izleyiciyle bulu\u015fturdum.<\/p>\n<\/div>\n\t\t\t\t<\/div>\n\t\t\t\t<\/div>\n\t\t\t\t\t<\/div>\n\t\t<\/div>\n\t\t\t\t<div class=\"elementor-column elementor-col-33 elementor-top-column elementor-element elementor-element-febc39c\" data-id=\"febc39c\" data-element_type=\"column\">\n\t\t\t<div class=\"elementor-widget-wrap elementor-element-populated\">\n\t\t\t\t\t\t<div class=\"elementor-element elementor-element-7d28836 elementor-widget__width-initial elementor-widget-mobile__width-inherit elementor-widget elementor-widget-ginevra_core_section_title\" data-id=\"7d28836\" data-element_type=\"widget\" data-widget_type=\"ginevra_core_section_title.default\">\n\t\t\t\t<div class=\"elementor-widget-container\">\n\t\t\t\t\t<div class=\"qodef-shortcode qodef-m qodef-section-title qodef-alignment--left\">\n        <div class=\"qodef-m-subtitle\" style=\"margin-bottom: 11px\">\r\n    \/02    <\/div>\r\n\t\t<h2 class=\"qodef-m-title\" >\n\t\t\t\t\tSeriler &amp; Sergiler\t\t\t<\/h2>\n\t<\/div>\n\t\t\t\t<\/div>\n\t\t\t\t<\/div>\n\t\t\t\t<div class=\"elementor-element elementor-element-1929a52 elementor-widget-mobile__width-inherit elementor-widget elementor-widget-ginevra_core_info_list\" data-id=\"1929a52\" data-element_type=\"widget\" data-widget_type=\"ginevra_core_info_list.default\">\n\t\t\t\t<div class=\"elementor-widget-container\">\n\t\t\t\t\t<div class=\"qodef-shortcode qodef-m qodef-info-list\">\n\t\t\t<h6 class=\"qodef-m-info-list-title\">Seriler<\/h6>\n\t\t\t<ul class=\"qodef-m-info-list-content\">\n\t\t\t<li class=\"qodef-m-info-list-item\">\n\t\t\t            <span>-<\/span>\n                        <a class=\"qodef-m-info-list-link\" itemprop=\"url\" href=\"https:\/\/ginevra.qodeinteractive.com\/portfolio-item\/design\/\" target=\"_self\">\n                                                    <p class=\"qodef-m-info-subtitle\">Portal<\/p>\n                                            <\/a>\n                \t\t<\/li>\n\t\t\t<li class=\"qodef-m-info-list-item\">\n\t\t\t            <span>-<\/span>\n                                                <p class=\"qodef-m-info-subtitle\">Monolit<\/p>\n                                \t\t<\/li>\n\t\t\t<li class=\"qodef-m-info-list-item\">\n\t\t\t            <span>-<\/span>\n                                                <p class=\"qodef-m-info-subtitle\">Turuncu Benim<\/p>\n                                \t\t<\/li>\n\t\t\t<li class=\"qodef-m-info-list-item\">\n\t\t\t            <span>-<\/span>\n                                                <p class=\"qodef-m-info-subtitle\">Rezonans<\/p>\n                                \t\t<\/li>\n\t\t\t<li class=\"qodef-m-info-list-item\">\n\t\t\t            <span>-<\/span>\n                                                <p class=\"qodef-m-info-subtitle\">Bah\u00e7e<\/p>\n                                \t\t<\/li>\n\t\t<\/ul>\n<\/div>\t\t\t\t<\/div>\n\t\t\t\t<\/div>\n\t\t\t\t\t<\/div>\n\t\t<\/div>\n\t\t\t\t<div class=\"elementor-column elementor-col-33 elementor-top-column elementor-element elementor-element-3c60656\" data-id=\"3c60656\" data-element_type=\"column\">\n\t\t\t<div class=\"elementor-widget-wrap elementor-element-populated\">\n\t\t\t\t\t\t<div class=\"elementor-element elementor-element-4208f56 elementor-widget-mobile__width-inherit elementor-widget elementor-widget-ginevra_core_info_list\" data-id=\"4208f56\" data-element_type=\"widget\" data-widget_type=\"ginevra_core_info_list.default\">\n\t\t\t\t<div class=\"elementor-widget-container\">\n\t\t\t\t\t<div class=\"qodef-shortcode qodef-m qodef-info-list\">\n\t\t\t<h6 class=\"qodef-m-info-list-title\">Exhibition<\/h6>\n\t\t\t<ul class=\"qodef-m-info-list-content\">\n\t\t\t<li class=\"qodef-m-info-list-item\">\n\t\t\t\t\t\t\t<h6 class=\"qodef-m-info-title\">2014<\/h6>\n\t\t\t            <span>-<\/span>\n                                                <p class=\"qodef-m-info-subtitle\">Hacettepe \u00dcniversitesi Avrupa Sergisi <\/p>\n                                \t\t<\/li>\n\t\t\t<li class=\"qodef-m-info-list-item\">\n\t\t\t\t\t\t\t<h6 class=\"qodef-m-info-title\">2017<\/h6>\n\t\t\t            <span>-<\/span>\n                        <a class=\"qodef-m-info-list-link\" itemprop=\"url\" href=\"https:\/\/ginevra.qodeinteractive.com\/portfolio-item\/glow\/\" target=\"_self\">\n                                                    <p class=\"qodef-m-info-subtitle\">ArtAnkara<\/p>\n                                            <\/a>\n                \t\t<\/li>\n\t\t\t<li class=\"qodef-m-info-list-item\">\n\t\t\t\t\t\t\t<h6 class=\"qodef-m-info-title\">2018<\/h6>\n\t\t\t            <span>-<\/span>\n                                                <p class=\"qodef-m-info-subtitle\">ArtAnkara<\/p>\n                                \t\t<\/li>\n\t\t\t<li class=\"qodef-m-info-list-item\">\n\t\t\t\t\t\t\t<h6 class=\"qodef-m-info-title\">2018<\/h6>\n\t\t\t            <span>-<\/span>\n                        <a class=\"qodef-m-info-list-link\" itemprop=\"url\" href=\"https:\/\/ginevra.qodeinteractive.com\/portfolio-item\/studio\/\" target=\"_self\">\n                                                    <p class=\"qodef-m-info-subtitle\">T\u00dcYAP Sanat Fuar\u0131<\/p>\n                                            <\/a>\n                \t\t<\/li>\n\t\t\t<li class=\"qodef-m-info-list-item\">\n\t\t\t\t\t\t\t<h6 class=\"qodef-m-info-title\">2018<\/h6>\n\t\t\t            <span>-<\/span>\n                        <a class=\"qodef-m-info-list-link\" itemprop=\"url\" href=\"https:\/\/ginevra.qodeinteractive.com\/portfolio-item\/textures\/\" target=\"_self\">\n                                                    <p class=\"qodef-m-info-subtitle\">Euroexpo Italy<\/p>\n                                            <\/a>\n                \t\t<\/li>\n\t\t\t<li class=\"qodef-m-info-list-item\">\n\t\t\t\t\t\t\t<h6 class=\"qodef-m-info-title\">2018<\/h6>\n\t\t\t            <span>-<\/span>\n                        <a class=\"qodef-m-info-list-link\" itemprop=\"url\" href=\"https:\/\/ginevra.qodeinteractive.com\/portfolio-item\/posters\/\" target=\"_self\">\n                                                    <p class=\"qodef-m-info-subtitle\">Karekod Sergisi<\/p>\n                                            <\/a>\n                \t\t<\/li>\n\t\t\t<li class=\"qodef-m-info-list-item\">\n\t\t\t\t\t\t\t<h6 class=\"qodef-m-info-title\">2018<\/h6>\n\t\t\t            <span>-<\/span>\n                                                <p class=\"qodef-m-info-subtitle\">ASO Gen\u00e7 Ressamlar Sergisi<\/p>\n                                \t\t<\/li>\n\t\t\t<li class=\"qodef-m-info-list-item\">\n\t\t\t\t\t\t\t<h6 class=\"qodef-m-info-title\">2018<\/h6>\n\t\t\t            <span>-<\/span>\n                                                <p class=\"qodef-m-info-subtitle\">TSO Gen\u00e7 Ressamlar Sergisi<\/p>\n                                \t\t<\/li>\n\t\t\t<li class=\"qodef-m-info-list-item\">\n\t\t\t\t\t\t\t<h6 class=\"qodef-m-info-title\">2019<\/h6>\n\t\t\t            <span>-<\/span>\n                                                <p class=\"qodef-m-info-subtitle\">ArtAnkara<\/p>\n                                \t\t<\/li>\n\t\t\t<li class=\"qodef-m-info-list-item\">\n\t\t\t\t\t\t\t<h6 class=\"qodef-m-info-title\">2019<\/h6>\n\t\t\t            <span>-<\/span>\n                                                <p class=\"qodef-m-info-subtitle\">ASO Gen\u00e7 Ressamlar Sergisi<\/p>\n                                \t\t<\/li>\n\t\t\t<li class=\"qodef-m-info-list-item\">\n\t\t\t\t\t\t\t<h6 class=\"qodef-m-info-title\">2019<\/h6>\n\t\t\t            <span>-<\/span>\n                                                <p class=\"qodef-m-info-subtitle\">TSO Gen\u00e7 Ressamlar Sergisi<\/p>\n                                \t\t<\/li>\n\t\t\t<li class=\"qodef-m-info-list-item\">\n\t\t\t\t\t\t\t<h6 class=\"qodef-m-info-title\">2020<\/h6>\n\t\t\t            <span>-<\/span>\n                                                <p class=\"qodef-m-info-subtitle\">Galeri Kambur Ki\u015fisel Sergi<\/p>\n                                \t\t<\/li>\n\t\t\t<li class=\"qodef-m-info-list-item\">\n\t\t\t\t\t\t\t<h6 class=\"qodef-m-info-title\">2020<\/h6>\n\t\t\t            <span>-<\/span>\n                                                <p class=\"qodef-m-info-subtitle\">Yunus Ensari Sanat Yar\u0131\u015fmas\u0131<\/p>\n                                \t\t<\/li>\n\t\t\t<li class=\"qodef-m-info-list-item\">\n\t\t\t\t\t\t\t<h6 class=\"qodef-m-info-title\">2020<\/h6>\n\t\t\t            <span>-<\/span>\n                                                <p class=\"qodef-m-info-subtitle\">Yunus Ensari Sanat Yar\u0131\u015fmas\u0131<\/p>\n                                \t\t<\/li>\n\t\t\t<li class=\"qodef-m-info-list-item\">\n\t\t\t\t\t\t\t<h6 class=\"qodef-m-info-title\">2020<\/h6>\n\t\t\t            <span>-<\/span>\n                                                <p class=\"qodef-m-info-subtitle\">\u00c7a\u011fda\u015f Sanat Merkezi Prestij Sergisi<\/p>\n                                \t\t<\/li>\n\t\t\t<li class=\"qodef-m-info-list-item\">\n\t\t\t\t\t\t\t<h6 class=\"qodef-m-info-title\">2023<\/h6>\n\t\t\t            <span>-<\/span>\n                                                <p class=\"qodef-m-info-subtitle\">ArtAnkara<\/p>\n                                \t\t<\/li>\n\t\t\t<li class=\"qodef-m-info-list-item\">\n\t\t\t\t\t\t\t<h6 class=\"qodef-m-info-title\">2024<\/h6>\n\t\t\t            <span>-<\/span>\n                                                <p class=\"qodef-m-info-subtitle\">Mira Kolda\u015f Sanat Galerisi Sergisi<\/p>\n                                \t\t<\/li>\n\t\t<\/ul>\n<\/div>\t\t\t\t<\/div>\n\t\t\t\t<\/div>\n\t\t\t\t\t<\/div>\n\t\t<\/div>\n\t\t\t\t\t<\/div>\n\t\t<\/section>\n\t\t\t\t<\/div>","protected":false},"excerpt":{"rendered":"<p>Hello! my name is Banu and I make paitings \/01 About me I was born on February 18, 1989, in Ankara. After completing my primary and secondary education, I was admitted to the Painting Department of the Faculty of Fine Arts at Hacettepe University in 2010. I graduated as an honor student in 2014. In [&hellip;]<\/p>","protected":false},"author":1,"featured_media":0,"parent":0,"menu_order":0,"comment_status":"closed","ping_status":"closed","template":"page-full-width.php","meta":{"footnotes":""},"class_list":["post-858","page","type-page","status-publish","hentry"],"aioseo_notices":[],"_links":{"self":[{"href":"https:\/\/banuaydogan.com\/tr\/wp-json\/wp\/v2\/pages\/858","targetHints":{"allow":["GET"]}}],"collection":[{"href":"https:\/\/banuaydogan.com\/tr\/wp-json\/wp\/v2\/pages"}],"about":[{"href":"https:\/\/banuaydogan.com\/tr\/wp-json\/wp\/v2\/types\/page"}],"author":[{"embeddable":true,"href":"https:\/\/banuaydogan.com\/tr\/wp-json\/wp\/v2\/users\/1"}],"replies":[{"embeddable":true,"href":"https:\/\/banuaydogan.com\/tr\/wp-json\/wp\/v2\/comments?post=858"}],"version-history":[{"count":21,"href":"https:\/\/banuaydogan.com\/tr\/wp-json\/wp\/v2\/pages\/858\/revisions"}],"predecessor-version":[{"id":5189,"href":"https:\/\/banuaydogan.com\/tr\/wp-json\/wp\/v2\/pages\/858\/revisions\/5189"}],"wp:attachment":[{"href":"https:\/\/banuaydogan.com\/tr\/wp-json\/wp\/v2\/media?parent=858"}],"curies":[{"name":"wp","href":"https:\/\/api.w.org\/{rel}","templated":true}]}}