{"id":4586,"date":"2021-12-15T09:39:12","date_gmt":"2021-12-15T09:39:12","guid":{"rendered":"https:\/\/ginevra.qodeinteractive.com\/?page_id=3"},"modified":"2025-12-24T16:10:21","modified_gmt":"2025-12-24T16:10:21","slug":"privacy-policy-2","status":"publish","type":"page","link":"https:\/\/banuaydogan.com\/tr\/privacy-policy-2\/","title":{"rendered":"Gizlilik S\u00f6zle\u015fmesi"},"content":{"rendered":"<div data-elementor-type=\"wp-page\" data-elementor-id=\"4586\" class=\"elementor elementor-4586\">\n\t\t\t\t<div class=\"elementor-element elementor-element-64dc3835 e-flex e-con-boxed e-con e-parent\" data-id=\"64dc3835\" data-element_type=\"container\">\n\t\t\t\t\t<div class=\"e-con-inner\">\n\t\t\t\t<div class=\"elementor-element elementor-element-5a075a01 elementor-widget elementor-widget-text-editor\" data-id=\"5a075a01\" data-element_type=\"widget\" data-widget_type=\"text-editor.default\">\n\t\t\t\t\t\t\t\t\t<p><\/p>\n<h2 class=\"wp-block-heading\" data-start=\"2920\" data-end=\"2963\"><strong data-start=\"2923\" data-end=\"2963\">G\u0130ZL\u0130L\u0130K VE K\u0130\u015e\u0130SEL VER\u0130LER\u0130N KORUNMASI POL\u0130T\u0130KASI (KVKK Uyumlu)<\/strong><\/h2>\n<p data-start=\"2965\" data-end=\"3197\" class=\"translation-block\">Bu Gizlilik Politikas\u0131, banuaydogan.com internet sitesi (\u201cSite\u201d) \u00fczerinden toplanan ki\u015fisel verilerin, 6698 say\u0131l\u0131 Ki\u015fisel Verilerin Korunmas\u0131 Kanunu (\u201cKVKK\u201d) uyar\u0131nca hangi ama\u00e7larla i\u015flendi\u011fini ve korundu\u011funu a\u00e7\u0131klamak amac\u0131yla haz\u0131rlanm\u0131\u015ft\u0131r.<\/p>\n<h3 data-start=\"3199\" data-end=\"3223\">1. Veri Sorumlusu<\/h3>\n<p data-start=\"3224\" data-end=\"3302\" class=\"translation-block\">Site \u00fczerinden yaln\u0131zca ileti\u015fim ama\u00e7l\u0131 a\u015fa\u011f\u0131daki ki\u015fisel veriler toplanabilmektedir:<\/p>\n<p data-start=\"3304\" data-end=\"3378\"><strong data-start=\"3304\" data-end=\"3322\">\u0130leti\u015fim E-posta:<\/strong> <a class=\"decorated-link cursor-pointer\" rel=\"noopener\" data-start=\"3323\" data-end=\"3343\">info@banuaydogan.com<\/a><br data-start=\"3343\" data-end=\"3346\"><strong data-start=\"3346\" data-end=\"3358\">Web Sitesi:<\/strong> <a class=\"decorated-link\" href=\"https:\/\/banuaydogan.com\/tr\/\" target=\"_new\" rel=\"noopener\" data-start=\"3359\" data-end=\"3378\">www.banuaydogan.com<\/a><\/p>\n<hr data-start=\"3380\" data-end=\"3383\">\n<h3 data-start=\"3385\" data-end=\"3417\">2. Toplanan Ki\u015fisel Veriler<\/h3>\n<p data-start=\"3418\" data-end=\"3502\" class=\"translation-block\">Site \u00fczerinden yaln\u0131zca ileti\u015fim ama\u00e7l\u0131 a\u015fa\u011f\u0131daki ki\u015fisel veriler toplanabilmektedir:<\/p>\n<ul data-start=\"3504\" data-end=\"3648\">\n<li data-start=\"3504\" data-end=\"3524\">\n<p data-start=\"3506\" data-end=\"3524\">Ad ve soyad<\/p>\n<\/li>\n<li data-start=\"3525\" data-end=\"3542\">\n<p data-start=\"3527\" data-end=\"3542\">E-posta adresi<\/p>\n<\/li>\n<li data-start=\"3543\" data-end=\"3598\">\n<p data-start=\"3545\" data-end=\"3598\">\u0130leti\u015fim i\u00e7eri\u011fi (ileti\u015fim formu veya e-posta yoluyla payla\u015f\u0131lan mesajlar)<\/p><\/li><li data-start=\"3543\" data-end=\"3598\"><p data-start=\"3545\" data-end=\"3598\">IP adresi ve temel site kullan\u0131m verileri (log kay\u0131tlar\u0131, \u00e7erezler)<\/p><\/li>\n<\/ul>\n<p data-start=\"3650\" data-end=\"3810\" class=\"translation-block\">Site \u00fczerinde herhangi bir online sat\u0131\u015f, \u00f6deme, \u00fcyelik veya sipari\u015f sistemi bulunmamaktad\u0131r.\nBu nedenle finansal veri, kredi kart\u0131 bilgisi veya fatura bilgisi toplanmamaktad\u0131r.<\/p>\n<hr data-start=\"3812\" data-end=\"3815\">\n<h3 data-start=\"3817\" data-end=\"3852\">3. Ki\u015fisel Verilerin \u0130\u015flenme Ama\u00e7lar\u0131<\/h3>\n<p data-start=\"3853\" data-end=\"3911\">Toplanan ki\u015fisel veriler a\u015fa\u011f\u0131daki ama\u00e7larla i\u015flenmektedir:<\/p>\n<ul data-start=\"3913\" data-end=\"4093\">\n<li data-start=\"3913\" data-end=\"3959\">\n<p data-start=\"3915\" data-end=\"3959\">Ziyaret\u00e7ilerle ileti\u015fim kurulmas\u0131<\/p>\n<\/li>\n<li data-start=\"3960\" data-end=\"4035\">\n<p data-start=\"3962\" data-end=\"4035\">Gelen mesaj ve taleplerin yan\u0131tlanmas\u0131<\/p>\n<\/li>\n<li data-start=\"4036\" data-end=\"4093\">\n<p data-start=\"4038\" data-end=\"4093\">Sergiler, projeler veya sanatsal \u00e7al\u0131\u015fmalar hakk\u0131nda bilgi payla\u015f\u0131lmas\u0131\n\nSite g\u00fcvenli\u011finin sa\u011flanmas\u0131 ve teknik analizlerin yap\u0131lmas\u0131<\/p>\n<\/li>\n<\/ul>\n<hr data-start=\"4095\" data-end=\"4098\">\n<h3 data-start=\"4100\" data-end=\"4121\">4. Ki\u015fisel Verilerin Aktar\u0131lmas\u0131<\/h3>\n<p data-start=\"4122\" data-end=\"4136\">Ki\u015fisel verileriniz:<\/p>\n<ul data-start=\"4138\" data-end=\"4317\">\n<li data-start=\"4138\" data-end=\"4198\">\n<p data-start=\"4140\" data-end=\"4198\">\u00dc\u00e7\u00fcnc\u00fc ki\u015filere sat\u0131lmaz, kiralanmaz veya ticari ama\u00e7la payla\u015f\u0131lmaz <strong data-start=\"4143\" data-end=\"4198\">not sold, rented, or shared for commercial purposes<\/strong><\/p>\n<\/li>\n<li data-start=\"4199\" data-end=\"4317\">\n<p data-start=\"4201\" data-end=\"4317\">Yaln\u0131zca yasal y\u00fck\u00fcml\u00fcl\u00fckler veya teknik hizmetler (bar\u0131nd\u0131rma, e-posta altyap\u0131s\u0131 vb.) kapsam\u0131nda s\u0131n\u0131rl\u0131 olarak aktar\u0131labilir<\/p>\n<\/li>\n<\/ul>\n<hr data-start=\"4319\" data-end=\"4322\">\n<h3 data-start=\"4324\" data-end=\"4340\">\u00c7erezler (Cookies)<\/h3>\n<p data-start=\"4341\" data-end=\"4513\" class=\"translation-block\">Site, kullan\u0131c\u0131 deneyimini iyile\u015ftirmek ve teknik analiz yapmak amac\u0131yla zorunlu \u00e7erezler kullanabilir.\nKullan\u0131c\u0131lar \u00e7erezleri taray\u0131c\u0131 ayarlar\u0131 \u00fczerinden kontrol edebilir veya devre d\u0131\u015f\u0131 b\u0131rakabilir.<\/p>\n<hr data-start=\"4515\" data-end=\"4518\">\n<h3 data-start=\"4520\" data-end=\"4543\">6. Ki\u015fisel Verilerin Saklanma S\u00fcresi<\/h3>\n<p data-start=\"4544\" data-end=\"4706\">Ki\u015fisel veriler, i\u015fleme amac\u0131n\u0131n gerektirdi\u011fi s\u00fcre boyunca saklan\u0131r; ilgili mevzuatta \u00f6ng\u00f6r\u00fclen s\u00fcrelerin sonunda silinir, yok edilir veya anonim hale getirilir.<\/p>\n<hr data-start=\"4708\" data-end=\"4711\">\n<h3 data-start=\"4713\" data-end=\"4733\">7. KVKK Kapsam\u0131ndaki Haklar\u0131n\u0131z<\/h3>\n<p data-start=\"4734\" data-end=\"4795\">KVKK\u2019n\u0131n 11. maddesi uyar\u0131nca veri sahipleri olarak:<\/p>\n<ul data-start=\"4797\" data-end=\"4919\">\n<li data-start=\"4797\" data-end=\"4826\">\n<p data-start=\"4799\" data-end=\"4826\">Ki\u015fisel verilerinizin i\u015flenip i\u015flenmedi\u011fini \u00f6\u011frenme<\/p>\n<\/li>\n<li data-start=\"4827\" data-end=\"4861\">\n<p data-start=\"4829\" data-end=\"4861\">\u0130\u015flenmi\u015fse buna ili\u015fkin bilgi talep etme<\/p>\n<\/li>\n<li data-start=\"4862\" data-end=\"4885\">\n<p data-start=\"4864\" data-end=\"4885\">Yanl\u0131\u015f veya eksik i\u015flenmi\u015fse d\u00fczeltilmesini isteme<\/p>\n<\/li>\n<li data-start=\"4886\" data-end=\"4919\">\n<p data-start=\"4888\" data-end=\"4919\">Silinmesini veya yok edilmesini talep etme\n\n\u0130\u015flemenin s\u0131n\u0131rland\u0131r\u0131lmas\u0131n\u0131 isteme \n\nhaklar\u0131na sahipsiniz.<\/p>\n<\/li>\n<\/ul>\n<p data-start=\"4921\" data-end=\"4976\">Taleplerinizi info@banuaydogan.com\n adresine yaz\u0131l\u0131 olarak iletebilirsiniz. <strong data-start=\"4951\" data-end=\"4975\"><a class=\"decorated-link cursor-pointer\" rel=\"noopener\" data-start=\"4953\" data-end=\"4973\">info@banuaydogan.com<\/a><\/strong>.<\/p>\n<p><\/p>\t\t\t\t\t\t\t\t<\/div>\n\t\t\t\t\t<\/div>\n\t\t\t\t<\/div>\n\t\t\t\t<\/div>","protected":false},"excerpt":{"rendered":"<p>PRIVACY POLICY (KVKK &amp; GDPR-Aligned) This Privacy Policy explains how personal data collected through banuaydogan.com (\u201cWebsite\u201d) is processed in accordance with the Turkish Personal Data Protection Law No. 6698 (KVKK) and applicable data protection principles. 1. Data Controller Personal data is processed by Banu Aydo\u011fan, acting as the data controller. Contact Email: info@banuaydogan.comWebsite: www.banuaydogan.com 2. [&hellip;]<\/p>","protected":false},"author":1,"featured_media":0,"parent":0,"menu_order":0,"comment_status":"closed","ping_status":"open","template":"","meta":{"footnotes":""},"class_list":["post-4586","page","type-page","status-publish","hentry"],"aioseo_notices":[],"_links":{"self":[{"href":"https:\/\/banuaydogan.com\/tr\/wp-json\/wp\/v2\/pages\/4586","targetHints":{"allow":["GET"]}}],"collection":[{"href":"https:\/\/banuaydogan.com\/tr\/wp-json\/wp\/v2\/pages"}],"about":[{"href":"https:\/\/banuaydogan.com\/tr\/wp-json\/wp\/v2\/types\/page"}],"author":[{"embeddable":true,"href":"https:\/\/banuaydogan.com\/tr\/wp-json\/wp\/v2\/users\/1"}],"replies":[{"embeddable":true,"href":"https:\/\/banuaydogan.com\/tr\/wp-json\/wp\/v2\/comments?post=4586"}],"version-history":[{"count":4,"href":"https:\/\/banuaydogan.com\/tr\/wp-json\/wp\/v2\/pages\/4586\/revisions"}],"predecessor-version":[{"id":5137,"href":"https:\/\/banuaydogan.com\/tr\/wp-json\/wp\/v2\/pages\/4586\/revisions\/5137"}],"wp:attachment":[{"href":"https:\/\/banuaydogan.com\/tr\/wp-json\/wp\/v2\/media?parent=4586"}],"curies":[{"name":"wp","href":"https:\/\/api.w.org\/{rel}","templated":true}]}}